{"id":71,"date":"2019-12-13T04:53:46","date_gmt":"2019-12-13T04:53:46","guid":{"rendered":"http:\/\/demo.themefreesia.com\/eventsia\/?page_id=71"},"modified":"2024-02-01T13:59:20","modified_gmt":"2024-02-01T13:59:20","slug":"why-you-should-join-event","status":"publish","type":"page","link":"http:\/\/blackbox.seg.br\/?page_id=71","title":{"rendered":"Porque participar do BlackBox?"},"content":{"rendered":"\n<blockquote class=\"wp-block-quote is-layout-flow wp-block-quote-is-layout-flow\">\n<p>O evento hacking mais exclusivo e misterioso &#8211; o BlackBox Meeting! Este encontro\/evento recorrente e inovador \u00e9 projetado para proporcionar uma experi\u00eancia \u00fanica, onde as informa\u00e7\u00f5es fluem, mas permanecem guardadas nas sombras. Realizamos muito Networking, troca de informa\u00e7\u00f5es e criamos conex\u00f5es. O conceito central do evento reside em sua intrigante premissa: todas as informa\u00e7\u00f5es apresentadas e compartilhadas permanecer\u00e3o em total confidencialidade, permitindo aos participantes explorarem o desconhecido de maneira segura e envolvente.<\/p>\n<\/blockquote>\n\n\n\n<p>Junte-se a n\u00f3s no BlackBox Meeting e mergulhe em um mundo onde o conhecimento \u00e9 a moeda mais valiosa, e o anonimato \u00e9 a chave para desbloquear as portas do futuro. Prepare-se para uma jornada \u00fanica, onde as ideias fluem livremente, mas permanecem guardadas nas sombras do desconhecido. Te encontro por l\u00e1 \ud83d\ude42<\/p>\n\n\n\n<div class=\"wp-block-button\"><a class=\"wp-block-button__link has-background wp-element-button\" href=\"https:\/\/www.sympla.com.br\/produtor\/bbm\" style=\"border-radius:3px;background-color:#f80068\" target=\"_blank\" rel=\"noreferrer noopener\">ADQUIRA SEU INGRESSO<\/a><\/div>\n","protected":false},"excerpt":{"rendered":"<p>O evento hacking mais exclusivo e misterioso &#8211; o BlackBox Meeting! Este encontro\/evento recorrente e inovador \u00e9 projetado para proporcionar uma experi\u00eancia \u00fanica, onde as<a href=\"http:\/\/blackbox.seg.br\/?page_id=71\" class=\"more-link\">View More<\/a><\/p>\n","protected":false},"author":1,"featured_media":297,"parent":0,"menu_order":0,"comment_status":"closed","ping_status":"closed","template":"","meta":{"footnotes":""},"class_list":["post-71","page","type-page","status-publish","has-post-thumbnail","hentry"],"_links":{"self":[{"href":"http:\/\/blackbox.seg.br\/index.php?rest_route=\/wp\/v2\/pages\/71","targetHints":{"allow":["GET"]}}],"collection":[{"href":"http:\/\/blackbox.seg.br\/index.php?rest_route=\/wp\/v2\/pages"}],"about":[{"href":"http:\/\/blackbox.seg.br\/index.php?rest_route=\/wp\/v2\/types\/page"}],"author":[{"embeddable":true,"href":"http:\/\/blackbox.seg.br\/index.php?rest_route=\/wp\/v2\/users\/1"}],"replies":[{"embeddable":true,"href":"http:\/\/blackbox.seg.br\/index.php?rest_route=%2Fwp%2Fv2%2Fcomments&post=71"}],"version-history":[{"count":3,"href":"http:\/\/blackbox.seg.br\/index.php?rest_route=\/wp\/v2\/pages\/71\/revisions"}],"predecessor-version":[{"id":317,"href":"http:\/\/blackbox.seg.br\/index.php?rest_route=\/wp\/v2\/pages\/71\/revisions\/317"}],"wp:featuredmedia":[{"embeddable":true,"href":"http:\/\/blackbox.seg.br\/index.php?rest_route=\/wp\/v2\/media\/297"}],"wp:attachment":[{"href":"http:\/\/blackbox.seg.br\/index.php?rest_route=%2Fwp%2Fv2%2Fmedia&parent=71"}],"curies":[{"name":"wp","href":"https:\/\/api.w.org\/{rel}","templated":true}]}}