{"id":120,"date":"2019-12-13T11:31:20","date_gmt":"2019-12-13T11:31:20","guid":{"rendered":"http:\/\/demo.themefreesia.com\/eventsia\/?page_id=120"},"modified":"2024-02-01T14:03:37","modified_gmt":"2024-02-01T14:03:37","slug":"cristian-berry","status":"publish","type":"page","link":"https:\/\/blackbox.seg.br\/?page_id=120","title":{"rendered":"Alcyon Junior"},"content":{"rendered":"\n<p>Tamb\u00e9m conhecido como AlcyJones, \u00e9 especialista em Seguran\u00e7a ofensiva e Threat Intel, Top Voice do LinkedIn, PodCaster do <a href=\"http:\/\/securitycast.com.br\" data-type=\"link\" data-id=\"securitycast.com.br\">SecurityCast<\/a>, Palestrante, Escritor, Instrutor e Mentor de carreiras.<\/p>\n","protected":false},"excerpt":{"rendered":"<p>Tamb\u00e9m conhecido como AlcyJones, \u00e9 especialista em Seguran\u00e7a ofensiva e Threat Intel, Top Voice do LinkedIn, PodCaster do SecurityCast, Palestrante, Escritor, Instrutor e Mentor de<a href=\"https:\/\/blackbox.seg.br\/?page_id=120\" class=\"more-link\">View More<\/a><\/p>\n","protected":false},"author":1,"featured_media":309,"parent":206,"menu_order":0,"comment_status":"closed","ping_status":"closed","template":"","meta":{"footnotes":""},"class_list":["post-120","page","type-page","status-publish","has-post-thumbnail","hentry"],"_links":{"self":[{"href":"https:\/\/blackbox.seg.br\/index.php?rest_route=\/wp\/v2\/pages\/120","targetHints":{"allow":["GET"]}}],"collection":[{"href":"https:\/\/blackbox.seg.br\/index.php?rest_route=\/wp\/v2\/pages"}],"about":[{"href":"https:\/\/blackbox.seg.br\/index.php?rest_route=\/wp\/v2\/types\/page"}],"author":[{"embeddable":true,"href":"https:\/\/blackbox.seg.br\/index.php?rest_route=\/wp\/v2\/users\/1"}],"replies":[{"embeddable":true,"href":"https:\/\/blackbox.seg.br\/index.php?rest_route=%2Fwp%2Fv2%2Fcomments&post=120"}],"version-history":[{"count":2,"href":"https:\/\/blackbox.seg.br\/index.php?rest_route=\/wp\/v2\/pages\/120\/revisions"}],"predecessor-version":[{"id":311,"href":"https:\/\/blackbox.seg.br\/index.php?rest_route=\/wp\/v2\/pages\/120\/revisions\/311"}],"up":[{"embeddable":true,"href":"https:\/\/blackbox.seg.br\/index.php?rest_route=\/wp\/v2\/pages\/206"}],"wp:featuredmedia":[{"embeddable":true,"href":"https:\/\/blackbox.seg.br\/index.php?rest_route=\/wp\/v2\/media\/309"}],"wp:attachment":[{"href":"https:\/\/blackbox.seg.br\/index.php?rest_route=%2Fwp%2Fv2%2Fmedia&parent=120"}],"curies":[{"name":"wp","href":"https:\/\/api.w.org\/{rel}","templated":true}]}}