{"id":143,"date":"2019-12-13T11:57:37","date_gmt":"2019-12-13T11:57:37","guid":{"rendered":"http:\/\/demo.themefreesia.com\/eventsia\/?page_id=143"},"modified":"2024-02-01T14:10:52","modified_gmt":"2024-02-01T14:10:52","slug":"the-15th-annual-conference","status":"publish","type":"page","link":"https:\/\/blackbox.seg.br\/?page_id=143","title":{"rendered":"1st Edition"},"content":{"rendered":"\n<p>Bem-vindo ao evento mais exclusivo e misterioso do ano &#8211; o BlackBox Meeting! Este encontro mensal e inovador \u00e9 projetado para proporcionar uma experi\u00eancia \u00fanica, onde as informa\u00e7\u00f5es fluem, mas permanecem guardadas nas sombras. O conceito central do evento reside em sua intrigante premissa: todas as informa\u00e7\u00f5es apresentadas e compartilhadas permanecer\u00e3o em total confidencialidade, permitindo aos participantes explorarem o desconhecido de maneira segura e envolvente.<br>&nbsp;<\/p>\n\n\n\n<p><strong>A primeira edi\u00e7\u00e3o ocorrer\u00e1 no London Street Pub na 214 Norte Bloco D dia 24\/01\/24 \u00e0s 18h00m<\/strong><\/p>\n\n\n\n<p><strong>O que esperar:<\/strong><\/p>\n\n\n\n<ol class=\"wp-block-list\">\n<li><strong>Palestras Vision\u00e1rias:<\/strong>&nbsp;Renomados palestrantes, cujas identidades s\u00e3o cuidadosamente mantidas em sigilo at\u00e9 o momento da apresenta\u00e7\u00e3o, compartilhar\u00e3o insights revolucion\u00e1rios sobre as \u00faltimas tend\u00eancias e desenvolvimentos em diversas \u00e1reas.<\/li>\n\n\n\n<li><strong>Networking nas Sombras:<\/strong>&nbsp;A oportunidade de se conectar com mentes brilhantes, l\u00edderes do setor e potenciais parceiros de neg\u00f3cios em um ambiente discreto. O anonimato estimula conversas aut\u00eanticas e colabora\u00e7\u00f5es inovadoras.<\/li>\n\n\n\n<li><strong>Workshops Confidenciais:<\/strong>&nbsp;Participa\u00e7\u00e3o em sess\u00f5es pr\u00e1ticas e interativas, lideradas por especialistas do setor. Descubra novas abordagens, estrat\u00e9gias e habilidades sem a press\u00e3o do escrut\u00ednio p\u00fablico.<\/li>\n\n\n\n<li><strong>Brindes Misteriosos:<\/strong>&nbsp;Os participantes ser\u00e3o agraciados com brindes exclusivos ou n\u00e3o, cuidadosamente selecionados para complementar o enigma e o glamour do BlackBox Meeting.<\/li>\n\n\n\n<li><strong>Ambiente Secreto e Sofisticado:<\/strong>&nbsp;A localiza\u00e7\u00e3o do evento ser\u00e1 revelada apenas aos participantes registrados, criando uma atmosfera de suspense e intriga. Cada detalhe, desde a entrada at\u00e9 os espa\u00e7os de evento, ser\u00e1 cuidadosamente planejado para oferecer uma experi\u00eancia \u00fanica e memor\u00e1vel.<\/li>\n<\/ol>\n\n\n\n<p>\u00a0<br>Te encontro por l\u00e1 \ud83d\ude42<\/p>\n","protected":false},"excerpt":{"rendered":"<p>Bem-vindo ao evento mais exclusivo e misterioso do ano &#8211; o BlackBox Meeting! Este encontro mensal e inovador \u00e9 projetado para proporcionar uma experi\u00eancia \u00fanica,<a href=\"https:\/\/blackbox.seg.br\/?page_id=143\" class=\"more-link\">View More<\/a><\/p>\n","protected":false},"author":1,"featured_media":325,"parent":204,"menu_order":0,"comment_status":"closed","ping_status":"closed","template":"","meta":{"footnotes":""},"class_list":["post-143","page","type-page","status-publish","has-post-thumbnail","hentry"],"_links":{"self":[{"href":"https:\/\/blackbox.seg.br\/index.php?rest_route=\/wp\/v2\/pages\/143","targetHints":{"allow":["GET"]}}],"collection":[{"href":"https:\/\/blackbox.seg.br\/index.php?rest_route=\/wp\/v2\/pages"}],"about":[{"href":"https:\/\/blackbox.seg.br\/index.php?rest_route=\/wp\/v2\/types\/page"}],"author":[{"embeddable":true,"href":"https:\/\/blackbox.seg.br\/index.php?rest_route=\/wp\/v2\/users\/1"}],"replies":[{"embeddable":true,"href":"https:\/\/blackbox.seg.br\/index.php?rest_route=%2Fwp%2Fv2%2Fcomments&post=143"}],"version-history":[{"count":3,"href":"https:\/\/blackbox.seg.br\/index.php?rest_route=\/wp\/v2\/pages\/143\/revisions"}],"predecessor-version":[{"id":326,"href":"https:\/\/blackbox.seg.br\/index.php?rest_route=\/wp\/v2\/pages\/143\/revisions\/326"}],"up":[{"embeddable":true,"href":"https:\/\/blackbox.seg.br\/index.php?rest_route=\/wp\/v2\/pages\/204"}],"wp:featuredmedia":[{"embeddable":true,"href":"https:\/\/blackbox.seg.br\/index.php?rest_route=\/wp\/v2\/media\/325"}],"wp:attachment":[{"href":"https:\/\/blackbox.seg.br\/index.php?rest_route=%2Fwp%2Fv2%2Fmedia&parent=143"}],"curies":[{"name":"wp","href":"https:\/\/api.w.org\/{rel}","templated":true}]}}